{"id":1554,"date":"2026-02-21T12:43:38","date_gmt":"2026-02-21T11:43:38","guid":{"rendered":"https:\/\/pointoutpresentations.com\/legal-notice\/"},"modified":"2026-03-18T21:38:55","modified_gmt":"2026-03-18T20:38:55","slug":"aviso-legal","status":"publish","type":"page","link":"https:\/\/pointoutpresentations.com\/es\/aviso-legal\/","title":{"rendered":"Aviso Legal"},"content":{"rendered":"\t\t<div data-elementor-type=\"wp-page\" data-elementor-id=\"1554\" class=\"elementor elementor-1554 elementor-1201\" data-elementor-post-type=\"page\">\n\t\t\t\t<div class=\"elementor-element elementor-element-cddbdc4 e-flex e-con-boxed e-con e-parent\" data-id=\"cddbdc4\" data-element_type=\"container\" data-e-type=\"container\">\n\t\t\t\t\t<div class=\"e-con-inner\">\n\t\t\t\t<div class=\"elementor-element elementor-element-cf8feaf elementor-widget elementor-widget-heading\" data-id=\"cf8feaf\" data-element_type=\"widget\" data-e-type=\"widget\" data-widget_type=\"heading.default\">\n\t\t\t\t\t<h1 class=\"elementor-heading-title elementor-size-default\">Aviso Legal<\/h1>\t\t\t\t<\/div>\n\t\t\t\t<div class=\"elementor-element elementor-element-a01736b elementor-widget elementor-widget-text-editor\" data-id=\"a01736b\" data-element_type=\"widget\" data-e-type=\"widget\" data-widget_type=\"text-editor.default\">\n\t\t\t\t\t\t\t\t\t<p><strong><span dir=\"auto\">1. DATOS IDENTIFICATIVOS<\/span><\/strong><\/p><p><span dir=\"auto\">En cumplimiento del deber de informaci\u00f3n establecido en el art\u00edculo 10 de la Ley 34\/2002, de 11 de julio, de Servicios de la Sociedad de la Informaci\u00f3n y de Comercio Electr\u00f3nico, se informa lo siguiente: la empresa titular de este sitio web es Pointout Presentaciones, SL (en adelante, Pointout Presentations), con domicilio social en Arturo Soria 309, 2.\u00ba B, CIF: B-88066675, inscrita en el Registro Mercantil de Madrid, tomo 37478, folio 171, inscripci\u00f3n 1, hoja M-668055. Correo electr\u00f3nico de contacto: info@pointoutpresentaciones.com<\/span><\/p><p><strong><span dir=\"auto\">2. USUARIOS<\/span><\/strong><\/p><p><span dir=\"auto\">El acceso y\/o uso de este portal de Pointout Presentations confiere la condici\u00f3n de USUARIO, quien acepta, desde dicho acceso y\/o uso, las Condiciones Generales de Uso aqu\u00ed establecidas. Estas Condiciones ser\u00e1n de aplicaci\u00f3n independientemente de las Condiciones Generales de Contrataci\u00f3n que resulten de aplicaci\u00f3n.<\/span><\/p><p><strong><span dir=\"auto\">3. USO DEL PORTAL<\/span><\/strong><\/p><p><span dir=\"auto\">Pointoutpresentaciones.com proporciona acceso a una gran cantidad de informaci\u00f3n, servicios, programas o datos (en adelante, \u00abel Contenido\u00bb) en Internet pertenecientes a Pointout Presentaciones o a sus licenciantes, a los que el USUARIO puede acceder. El USUARIO asume la responsabilidad del uso del portal. Esta responsabilidad se extiende a cualquier registro que sea necesario para acceder a determinados servicios o contenidos.<\/span><\/p><p><span dir=\"auto\">Durante el registro, el USUARIO es responsable de proporcionar informaci\u00f3n veraz y l\u00edcita. Como consecuencia de este registro, se le puede proporcionar una contrase\u00f1a de la que ser\u00e1 responsable, comprometi\u00e9ndose a usarla de forma diligente y confidencial. El USUARIO se compromete a hacer un uso adecuado de los contenidos y servicios (como servicios de chat, foros de discusi\u00f3n o grupos de noticias) que Pointout Presentaciones ofrece a trav\u00e9s de su portal y, a t\u00edtulo enunciativo pero no limitativo, se compromete a no utilizarlos para (i) incurrir en actividades il\u00edcitas, ilegales o contrarias a la buena fe y al orden p\u00fablico; (ii) difundir contenidos o propaganda de car\u00e1cter racista, xen\u00f3fobo, pornogr\u00e1fico o ilegal, o que constituya una apolog\u00eda del terrorismo o un atentado contra los derechos humanos; (iii) provocar da\u00f1os en los sistemas f\u00edsicos y l\u00f3gicos de Pointout Presentaciones, sus proveedores o terceros, ni introducir o difundir virus inform\u00e1ticos o cualquier otro sistema f\u00edsico o l\u00f3gico que pueda provocar los da\u00f1os mencionados. (iv) Intentar acceder y, en su caso, utilizar las cuentas de correo electr\u00f3nico de otros usuarios y modificar o manipular sus mensajes. La empresa creadora de este sitio web se reserva el derecho de eliminar cualquier comentario o contribuci\u00f3n que vulnere el respeto a la dignidad humana, sea discriminatoria, xen\u00f3foba, racista, pornogr\u00e1fica, perjudicial para menores, que atente contra el orden p\u00fablico o la seguridad, o que, a su juicio, no sea adecuada para su publicaci\u00f3n. En cualquier caso, Pointout Presentaciones no se responsabiliza de las opiniones expresadas por los usuarios a trav\u00e9s de foros, chats u otras herramientas de participaci\u00f3n.<\/span><\/p><p><strong><span dir=\"auto\">4. PROTECCI\u00d3N DE DATOS<\/span><\/strong><\/p><p><span dir=\"auto\"><strong>Pointout Presentation<\/strong> cumple con las directrices de la <strong>RGPD<\/strong> <strong>(Reglamento UE 2016\/679) y la LOPDGDD (Ley Org\u00e1nica 3\/2018)<\/strong> de Protecci\u00f3n de Datos de Car\u00e1cter Personal y garantiza el correcto uso y tratamiento de los datos personales de los usuarios. Para ello, junto a cada formulario de recogida de datos personales, en los servicios que los usuarios puedan solicitar a <\/span><strong><a href=\"mailto:info@pointoutpresentaciones.com\"><span dir=\"auto\">info@pointoutpresentaciones.com<\/span><\/a><\/strong><span dir=\"auto\">, se les informar\u00e1 de la existencia y aceptaci\u00f3n de las condiciones espec\u00edficas para el tratamiento de sus datos en cada caso, incluyendo informaci\u00f3n sobre el responsable del tratamiento, su direcci\u00f3n, la posibilidad de ejercer sus derechos de acceso, rectificaci\u00f3n, supresi\u00f3n y oposici\u00f3n, la finalidad del tratamiento y las posibles cesiones de datos a terceros.<\/span><\/p><p><span dir=\"auto\">Pointout Presentaciones le informa asimismo que da cumplimiento a la Ley 34\/2002 de 11 de julio, de Servicios de la Sociedad de la Informaci\u00f3n y el Comercio Electr\u00f3nico, y le solicitar\u00e1 su consentimiento al tratamiento de su correo electr\u00f3nico con fines comerciales en cada momento.<\/span><\/p><p><strong><span dir=\"auto\">5. PROPIEDAD INTELECTUAL E INDUSTRIAL<\/span><\/strong><\/p><p><span dir=\"auto\">Pointout Presentaciones por s\u00ed o como cesionaria, es titular de todos los derechos de propiedad intelectual e industrial de su p\u00e1gina web, as\u00ed como de los elementos contenidos en la misma (a t\u00edtulo enunciativo y no limitativo, im\u00e1genes, sonido, audio, v\u00eddeo, software o textos; marcas o logotipos, combinaciones de colores, estructura y dise\u00f1o, selecci\u00f3n de materiales usados, programas de ordenador necesarios para su funcionamiento, acceso y uso, etc.), titularidad de Pointout Presentaciones o bien de sus licenciantes.<\/span><\/p><p><span dir=\"auto\">Todos los derechos reservados. De conformidad con los art\u00edculos 8 y 32.1, p\u00e1rrafo segundo, de la Ley de Propiedad Intelectual, quedan expresamente prohibidas la reproducci\u00f3n, distribuci\u00f3n y comunicaci\u00f3n p\u00fablica, incluida la puesta a disposici\u00f3n, de la totalidad o parte del contenido de este sitio web con fines comerciales, en cualquier soporte y por cualquier medio t\u00e9cnico, sin la autorizaci\u00f3n de Pointout Presentaciones. El USUARIO se compromete a respetar los derechos de Propiedad Intelectual e Industrial titularidad de Pointout Presentaciones. El USUARIO podr\u00e1 visualizar los elementos del portal e incluso imprimirlos, copiarlos y almacenarlos en el disco duro de su ordenador o en cualquier otro soporte f\u00edsico, siempre y cuando sea \u00fanica y exclusivamente para su uso personal y privado. El USUARIO deber\u00e1 abstenerse de suprimir, alterar, eludir o manipular cualquier dispositivo de protecci\u00f3n o sistema de seguridad instalado en el sitio web de Pointout Presentaciones.<\/span><\/p><p><strong><span dir=\"auto\">6. EXCLUSI\u00d3N DE GARANT\u00cdAS Y RESPONSABILIDAD<\/span><\/strong><\/p><p><span dir=\"auto\">Pointout Presentaciones no se hace responsable, en ning\u00fan caso, de los da\u00f1os y perjuicios de cualquier naturaleza que pudieran ocasionar, a t\u00edtulo enunciativo: errores u omisiones en los contenidos, falta de disponibilidad del portal o la transmisi\u00f3n de virus o programas maliciosos o lesivos en los contenidos, a pesar de haber adoptado todas las medidas tecnol\u00f3gicas necesarias para evitarlo.<\/span><\/p><p><strong><span dir=\"auto\">7. MODIFICACIONES<\/span><\/strong><\/p><p><span dir=\"auto\">Pointout Presentaciones se reserva el derecho de efectuar sin previo aviso las modificaciones que considere oportunas en su portal, pudiendo cambiar, suprimir o a\u00f1adir tanto los contenidos y servicios que se presten a trav\u00e9s de la misma, como la forma en la que \u00e9stos aparezcan presentados o localizados en su portal.<\/span><\/p><p><strong><span dir=\"auto\">8. ENLACES<\/span><\/strong><\/p><p><span dir=\"auto\">En caso de que www.pointoutpresentaciones.com contenga enlaces o hiperv\u00ednculos a otros sitios web, Pointout Presentaciones no ejercer\u00e1 ning\u00fan control sobre dichos sitios ni su contenido. En ning\u00fan caso, Pointout Presentaciones asumir\u00e1 responsabilidad alguna por el contenido de ning\u00fan enlace perteneciente a un sitio web de terceros, ni garantizar\u00e1 la disponibilidad t\u00e9cnica, calidad, fiabilidad, exactitud, integridad, veracidad, validez o legalidad de ning\u00fan material o informaci\u00f3n contenida en ninguno de estos hiperv\u00ednculos u otros sitios web.<\/span><\/p><p><span dir=\"auto\">Asimismo, la inclusi\u00f3n de estas conexiones externas no implicar\u00e1 ning\u00fan tipo de asociaci\u00f3n, fusi\u00f3n o participaci\u00f3n con las entidades conectadas.<\/span><\/p><p><strong><span dir=\"auto\">9. DERECHO DE EXCLUSI\u00d3N<\/span><\/strong><\/p><p><span dir=\"auto\">Pointout Presentaciones se reserva el derecho a denegar o retirar el acceso al portal y\/o los servicios ofrecidos sin necesidad de preaviso, a instancia propia o de un tercero, a aquellos usuarios que incumplan las presentes Condiciones Generales de Uso.<\/span><\/p><p><strong><span dir=\"auto\">10. INFORMACI\u00d3N GENERAL<\/span><\/strong><\/p><p><span dir=\"auto\">Pointout Presentaciones perseguir\u00e1 el incumplimiento de las presentes condiciones as\u00ed como cualquier utilizaci\u00f3n indebida de su portal ejerciendo todas las acciones civiles y penales que le puedan corresponder en derecho.<\/span><\/p><p><strong><span dir=\"auto\">11. MODIFICACI\u00d3N DE ESTOS T\u00c9RMINOS Y DURACI\u00d3N<\/span><\/strong><\/p><p><span dir=\"auto\">Pointout Presentaciones podr\u00e1 modificar en cualquier momento las condiciones aqu\u00ed determinadas, siendo dichas modificaciones debidamente publicadas como aqu\u00ed aparecen.<\/span><\/p><p><span dir=\"auto\">La vigencia de las citadas condiciones ir\u00e1 en funci\u00f3n de su exposici\u00f3n y estar\u00e1n vigentes hasta que sean modificadas por otras debidamente publicadas.<\/span><\/p><p><strong><span dir=\"auto\">12. LEY APLICABLE Y JURISDICCI\u00d3N<\/span><\/strong><\/p><p><span dir=\"auto\">La relaci\u00f3n entre Pointout Presentations y el USUARIO se regir\u00e1 por la normativa espa\u00f1ola vigente y cualquier controversia se someter\u00e1 a los Juzgados y Tribunales de la ciudad de Madrid.<\/span><\/p>\t\t\t\t\t\t\t\t<\/div>\n\t\t\t\t\t<\/div>\n\t\t\t\t<\/div>\n\t\t\t\t<\/div>\n\t\t","protected":false},"excerpt":{"rendered":"<p>Aviso Legal 1. DATOS IDENTIFICATIVOS En cumplimiento del deber de informaci\u00f3n establecido en el art\u00edculo 10 de la Ley 34\/2002, [&hellip;]<\/p>\n","protected":false},"author":1,"featured_media":0,"parent":0,"menu_order":0,"comment_status":"closed","ping_status":"closed","template":"elementor_header_footer","meta":{"site-sidebar-layout":"no-sidebar","site-content-layout":"","ast-site-content-layout":"full-width-container","site-content-style":"default","site-sidebar-style":"default","ast-global-header-display":"","ast-banner-title-visibility":"","ast-main-header-display":"","ast-hfb-above-header-display":"","ast-hfb-below-header-display":"","ast-hfb-mobile-header-display":"","site-post-title":"disabled","ast-breadcrumbs-content":"","ast-featured-img":"disabled","footer-sml-layout":"","ast-disable-related-posts":"","theme-transparent-header-meta":"","adv-header-id-meta":"","stick-header-meta":"","header-above-stick-meta":"","header-main-stick-meta":"","header-below-stick-meta":"","astra-migrate-meta-layouts":"default","ast-page-background-enabled":"default","ast-page-background-meta":{"desktop":{"background-color":"var(--ast-global-color-5)","background-image":"","background-repeat":"repeat","background-position":"center center","background-size":"auto","background-attachment":"scroll","background-type":"","background-media":"","overlay-type":"","overlay-color":"","overlay-opacity":"","overlay-gradient":""},"tablet":{"background-color":"","background-image":"","background-repeat":"repeat","background-position":"center center","background-size":"auto","background-attachment":"scroll","background-type":"","background-media":"","overlay-type":"","overlay-color":"","overlay-opacity":"","overlay-gradient":""},"mobile":{"background-color":"","background-image":"","background-repeat":"repeat","background-position":"center center","background-size":"auto","background-attachment":"scroll","background-type":"","background-media":"","overlay-type":"","overlay-color":"","overlay-opacity":"","overlay-gradient":""}},"ast-content-background-meta":{"desktop":{"background-color":"var(--ast-global-color-4)","background-image":"","background-repeat":"repeat","background-position":"center center","background-size":"auto","background-attachment":"scroll","background-type":"","background-media":"","overlay-type":"","overlay-color":"","overlay-opacity":"","overlay-gradient":""},"tablet":{"background-color":"var(--ast-global-color-4)","background-image":"","background-repeat":"repeat","background-position":"center center","background-size":"auto","background-attachment":"scroll","background-type":"","background-media":"","overlay-type":"","overlay-color":"","overlay-opacity":"","overlay-gradient":""},"mobile":{"background-color":"var(--ast-global-color-4)","background-image":"","background-repeat":"repeat","background-position":"center center","background-size":"auto","background-attachment":"scroll","background-type":"","background-media":"","overlay-type":"","overlay-color":"","overlay-opacity":"","overlay-gradient":""}},"footnotes":""},"categories":[],"tags":[],"class_list":["post-1554","page","type-page","status-publish","hentry"],"yoast_head":"<!-- This site is optimized with the Yoast SEO plugin v27.4 - https:\/\/yoast.com\/product\/yoast-seo-wordpress\/ -->\n<title>Aviso Legal - PointOut Presentations<\/title>\n<meta name=\"robots\" content=\"index, follow, max-snippet:-1, max-image-preview:large, max-video-preview:-1\" \/>\n<link rel=\"canonical\" href=\"https:\/\/pointoutpresentations.com\/es\/aviso-legal\/\" \/>\n<meta property=\"og:locale\" content=\"es_ES\" \/>\n<meta property=\"og:type\" content=\"article\" \/>\n<meta property=\"og:title\" content=\"Aviso Legal - PointOut Presentations\" \/>\n<meta property=\"og:description\" content=\"Aviso Legal 1. DATOS IDENTIFICATIVOS En cumplimiento del deber de informaci\u00f3n establecido en el art\u00edculo 10 de la Ley 34\/2002, [&hellip;]\" \/>\n<meta property=\"og:url\" content=\"https:\/\/pointoutpresentations.com\/es\/aviso-legal\/\" \/>\n<meta property=\"og:site_name\" content=\"PointOut Presentations\" \/>\n<meta property=\"article:modified_time\" content=\"2026-03-18T20:38:55+00:00\" \/>\n<meta name=\"twitter:card\" content=\"summary_large_image\" \/>\n<meta name=\"twitter:label1\" content=\"Tiempo de lectura\" \/>\n\t<meta name=\"twitter:data1\" content=\"6 minutos\" \/>\n<script type=\"application\/ld+json\" class=\"yoast-schema-graph\">{\"@context\":\"https:\\\/\\\/schema.org\",\"@graph\":[{\"@type\":\"WebPage\",\"@id\":\"https:\\\/\\\/pointoutpresentations.com\\\/es\\\/aviso-legal\\\/\",\"url\":\"https:\\\/\\\/pointoutpresentations.com\\\/es\\\/aviso-legal\\\/\",\"name\":\"Aviso Legal - PointOut Presentations\",\"isPartOf\":{\"@id\":\"https:\\\/\\\/pointoutpresentations.com\\\/es\\\/#website\"},\"datePublished\":\"2026-02-21T11:43:38+00:00\",\"dateModified\":\"2026-03-18T20:38:55+00:00\",\"breadcrumb\":{\"@id\":\"https:\\\/\\\/pointoutpresentations.com\\\/es\\\/aviso-legal\\\/#breadcrumb\"},\"inLanguage\":\"es\",\"potentialAction\":[{\"@type\":\"ReadAction\",\"target\":[\"https:\\\/\\\/pointoutpresentations.com\\\/es\\\/aviso-legal\\\/\"]}]},{\"@type\":\"BreadcrumbList\",\"@id\":\"https:\\\/\\\/pointoutpresentations.com\\\/es\\\/aviso-legal\\\/#breadcrumb\",\"itemListElement\":[{\"@type\":\"ListItem\",\"position\":1,\"name\":\"Home\",\"item\":\"https:\\\/\\\/pointoutpresentations.com\\\/es\\\/\"},{\"@type\":\"ListItem\",\"position\":2,\"name\":\"Aviso Legal\"}]},{\"@type\":\"WebSite\",\"@id\":\"https:\\\/\\\/pointoutpresentations.com\\\/es\\\/#website\",\"url\":\"https:\\\/\\\/pointoutpresentations.com\\\/es\\\/\",\"name\":\"PointOut Presentations\",\"description\":\"Professional design PowerPoint\",\"publisher\":{\"@id\":\"https:\\\/\\\/pointoutpresentations.com\\\/es\\\/#organization\"},\"potentialAction\":[{\"@type\":\"SearchAction\",\"target\":{\"@type\":\"EntryPoint\",\"urlTemplate\":\"https:\\\/\\\/pointoutpresentations.com\\\/es\\\/?s={search_term_string}\"},\"query-input\":{\"@type\":\"PropertyValueSpecification\",\"valueRequired\":true,\"valueName\":\"search_term_string\"}}],\"inLanguage\":\"es\"},{\"@type\":\"Organization\",\"@id\":\"https:\\\/\\\/pointoutpresentations.com\\\/es\\\/#organization\",\"name\":\"PointOut Presentations\",\"url\":\"https:\\\/\\\/pointoutpresentations.com\\\/es\\\/\",\"logo\":{\"@type\":\"ImageObject\",\"inLanguage\":\"es\",\"@id\":\"https:\\\/\\\/pointoutpresentations.com\\\/es\\\/#\\\/schema\\\/logo\\\/image\\\/\",\"url\":\"https:\\\/\\\/pointoutpresentations.com\\\/wp-content\\\/uploads\\\/2026\\\/01\\\/Logo-POINTOUT_OK_Point-Color.svg\",\"contentUrl\":\"https:\\\/\\\/pointoutpresentations.com\\\/wp-content\\\/uploads\\\/2026\\\/01\\\/Logo-POINTOUT_OK_Point-Color.svg\",\"width\":301.037,\"height\":99.852,\"caption\":\"PointOut Presentations\"},\"image\":{\"@id\":\"https:\\\/\\\/pointoutpresentations.com\\\/es\\\/#\\\/schema\\\/logo\\\/image\\\/\"}}]}<\/script>\n<!-- \/ Yoast SEO plugin. -->","yoast_head_json":{"title":"Aviso Legal - PointOut Presentations","robots":{"index":"index","follow":"follow","max-snippet":"max-snippet:-1","max-image-preview":"max-image-preview:large","max-video-preview":"max-video-preview:-1"},"canonical":"https:\/\/pointoutpresentations.com\/es\/aviso-legal\/","og_locale":"es_ES","og_type":"article","og_title":"Aviso Legal - PointOut Presentations","og_description":"Aviso Legal 1. DATOS IDENTIFICATIVOS En cumplimiento del deber de informaci\u00f3n establecido en el art\u00edculo 10 de la Ley 34\/2002, [&hellip;]","og_url":"https:\/\/pointoutpresentations.com\/es\/aviso-legal\/","og_site_name":"PointOut Presentations","article_modified_time":"2026-03-18T20:38:55+00:00","twitter_card":"summary_large_image","twitter_misc":{"Tiempo de lectura":"6 minutos"},"schema":{"@context":"https:\/\/schema.org","@graph":[{"@type":"WebPage","@id":"https:\/\/pointoutpresentations.com\/es\/aviso-legal\/","url":"https:\/\/pointoutpresentations.com\/es\/aviso-legal\/","name":"Aviso Legal - PointOut Presentations","isPartOf":{"@id":"https:\/\/pointoutpresentations.com\/es\/#website"},"datePublished":"2026-02-21T11:43:38+00:00","dateModified":"2026-03-18T20:38:55+00:00","breadcrumb":{"@id":"https:\/\/pointoutpresentations.com\/es\/aviso-legal\/#breadcrumb"},"inLanguage":"es","potentialAction":[{"@type":"ReadAction","target":["https:\/\/pointoutpresentations.com\/es\/aviso-legal\/"]}]},{"@type":"BreadcrumbList","@id":"https:\/\/pointoutpresentations.com\/es\/aviso-legal\/#breadcrumb","itemListElement":[{"@type":"ListItem","position":1,"name":"Home","item":"https:\/\/pointoutpresentations.com\/es\/"},{"@type":"ListItem","position":2,"name":"Aviso Legal"}]},{"@type":"WebSite","@id":"https:\/\/pointoutpresentations.com\/es\/#website","url":"https:\/\/pointoutpresentations.com\/es\/","name":"PointOut Presentations","description":"Professional design PowerPoint","publisher":{"@id":"https:\/\/pointoutpresentations.com\/es\/#organization"},"potentialAction":[{"@type":"SearchAction","target":{"@type":"EntryPoint","urlTemplate":"https:\/\/pointoutpresentations.com\/es\/?s={search_term_string}"},"query-input":{"@type":"PropertyValueSpecification","valueRequired":true,"valueName":"search_term_string"}}],"inLanguage":"es"},{"@type":"Organization","@id":"https:\/\/pointoutpresentations.com\/es\/#organization","name":"PointOut Presentations","url":"https:\/\/pointoutpresentations.com\/es\/","logo":{"@type":"ImageObject","inLanguage":"es","@id":"https:\/\/pointoutpresentations.com\/es\/#\/schema\/logo\/image\/","url":"https:\/\/pointoutpresentations.com\/wp-content\/uploads\/2026\/01\/Logo-POINTOUT_OK_Point-Color.svg","contentUrl":"https:\/\/pointoutpresentations.com\/wp-content\/uploads\/2026\/01\/Logo-POINTOUT_OK_Point-Color.svg","width":301.037,"height":99.852,"caption":"PointOut Presentations"},"image":{"@id":"https:\/\/pointoutpresentations.com\/es\/#\/schema\/logo\/image\/"}}]}},"_links":{"self":[{"href":"https:\/\/pointoutpresentations.com\/es\/wp-json\/wp\/v2\/pages\/1554","targetHints":{"allow":["GET"]}}],"collection":[{"href":"https:\/\/pointoutpresentations.com\/es\/wp-json\/wp\/v2\/pages"}],"about":[{"href":"https:\/\/pointoutpresentations.com\/es\/wp-json\/wp\/v2\/types\/page"}],"author":[{"embeddable":true,"href":"https:\/\/pointoutpresentations.com\/es\/wp-json\/wp\/v2\/users\/1"}],"replies":[{"embeddable":true,"href":"https:\/\/pointoutpresentations.com\/es\/wp-json\/wp\/v2\/comments?post=1554"}],"version-history":[{"count":0,"href":"https:\/\/pointoutpresentations.com\/es\/wp-json\/wp\/v2\/pages\/1554\/revisions"}],"wp:attachment":[{"href":"https:\/\/pointoutpresentations.com\/es\/wp-json\/wp\/v2\/media?parent=1554"}],"wp:term":[{"taxonomy":"category","embeddable":true,"href":"https:\/\/pointoutpresentations.com\/es\/wp-json\/wp\/v2\/categories?post=1554"},{"taxonomy":"post_tag","embeddable":true,"href":"https:\/\/pointoutpresentations.com\/es\/wp-json\/wp\/v2\/tags?post=1554"}],"curies":[{"name":"wp","href":"https:\/\/api.w.org\/{rel}","templated":true}]}}